{"id":37,"date":"2018-08-25T13:28:06","date_gmt":"2018-08-25T13:28:06","guid":{"rendered":"http:\/\/77.240.19.25\/~kalustea\/ahorent\/?page_id=37"},"modified":"2026-03-14T16:47:58","modified_gmt":"2026-03-14T16:47:58","slug":"yhteys","status":"publish","type":"page","link":"https:\/\/ahorent.fi\/ahorent\/yhteys\/","title":{"rendered":"Yhteys"},"content":{"rendered":"<p>Yhteystiedot:<a href=\"http:\/\/77.240.19.25\/~kalustea\/ahorent\/wp-content\/uploads\/2018\/08\/avant_520_product_2_n.jpg\"><img loading=\"lazy\" class=\"size-medium wp-image-61 alignleft\" src=\"http:\/\/77.240.19.25\/~kalustea\/ahorent\/wp-content\/uploads\/2018\/08\/avant_520_product_2_n-300x244.jpg\" alt=\"\" width=\"300\" height=\"244\" srcset=\"https:\/\/ahorent.fi\/ahorent\/wp-content\/uploads\/2018\/08\/avant_520_product_2_n-300x244.jpg 300w, https:\/\/ahorent.fi\/ahorent\/wp-content\/uploads\/2018\/08\/avant_520_product_2_n-768x624.jpg 768w, https:\/\/ahorent.fi\/ahorent\/wp-content\/uploads\/2018\/08\/avant_520_product_2_n.jpg 800w\" sizes=\"(max-width: 300px) 100vw, 300px\" \/><\/a><\/p>\n<p><strong>Kalusto siirtynyt uudelle vuokraajalle!<\/strong><\/p>\n<p><a href=\"https:\/\/www.vuokraaijat.com\/\">Vuokra\u00c4ij\u00e4t \u2013 Laitteiden vuokraus vapaa-ajalle ja ty\u00f6k\u00e4ytt\u00f6\u00f6n Sein\u00e4joella<\/a><\/p>\n<p>Puh: 050 3020820<\/p>\n","protected":false},"excerpt":{"rendered":"<p>Yhteystiedot: Kalusto siirtynyt uudelle vuokraajalle! Vuokra\u00c4ij\u00e4t \u2013 Laitteiden vuokraus vapaa-ajalle ja ty\u00f6k\u00e4ytt\u00f6\u00f6n Sein\u00e4joella Puh: 050 3020820<\/p>\n","protected":false},"author":1,"featured_media":0,"parent":0,"menu_order":0,"comment_status":"closed","ping_status":"closed","template":"","meta":[],"_links":{"self":[{"href":"https:\/\/ahorent.fi\/ahorent\/wp-json\/wp\/v2\/pages\/37"}],"collection":[{"href":"https:\/\/ahorent.fi\/ahorent\/wp-json\/wp\/v2\/pages"}],"about":[{"href":"https:\/\/ahorent.fi\/ahorent\/wp-json\/wp\/v2\/types\/page"}],"author":[{"embeddable":true,"href":"https:\/\/ahorent.fi\/ahorent\/wp-json\/wp\/v2\/users\/1"}],"replies":[{"embeddable":true,"href":"https:\/\/ahorent.fi\/ahorent\/wp-json\/wp\/v2\/comments?post=37"}],"version-history":[{"count":6,"href":"https:\/\/ahorent.fi\/ahorent\/wp-json\/wp\/v2\/pages\/37\/revisions"}],"predecessor-version":[{"id":162,"href":"https:\/\/ahorent.fi\/ahorent\/wp-json\/wp\/v2\/pages\/37\/revisions\/162"}],"wp:attachment":[{"href":"https:\/\/ahorent.fi\/ahorent\/wp-json\/wp\/v2\/media?parent=37"}],"curies":[{"name":"wp","href":"https:\/\/api.w.org\/{rel}","templated":true}]}}